{"id":12610,"date":"2024-04-19T11:15:28","date_gmt":"2024-04-19T09:15:28","guid":{"rendered":"https:\/\/www.sumasupermercados.es\/bases-generales-del-sorteo\/"},"modified":"2025-04-09T11:22:14","modified_gmt":"2025-04-09T09:22:14","slug":"bases-generales-del-sorteo","status":"publish","type":"page","link":"https:\/\/www.sumasupermercados.es\/ca\/bases-generales-del-sorteo\/","title":{"rendered":"Bases generals del sorteig"},"content":{"rendered":"\t\t<div data-elementor-type=\"wp-page\" data-elementor-id=\"12610\" class=\"elementor elementor-12610 elementor-12596\" data-elementor-post-type=\"page\">\n\t\t\t\t\t\t<section data-particle_enable=\"false\" data-particle-mobile-disabled=\"false\" class=\"elementor-section elementor-top-section elementor-element elementor-element-e748b5c elementor-section-boxed elementor-section-height-default elementor-section-height-default\" data-id=\"e748b5c\" data-element_type=\"section\" data-e-type=\"section\">\n\t\t\t\t\t\t<div class=\"elementor-container elementor-column-gap-default\">\n\t\t\t\t\t<div class=\"elementor-column elementor-col-100 elementor-top-column elementor-element elementor-element-05ee75d\" data-id=\"05ee75d\" data-element_type=\"column\" data-e-type=\"column\">\n\t\t\t<div class=\"elementor-widget-wrap elementor-element-populated\">\n\t\t\t\t\t\t<div class=\"elementor-element elementor-element-f8327e3 elementor-widget elementor-widget-heading\" data-id=\"f8327e3\" data-element_type=\"widget\" data-e-type=\"widget\" data-widget_type=\"heading.default\">\n\t\t\t\t<div class=\"elementor-widget-container\">\n\t\t\t\t\t<h1 class=\"elementor-heading-title elementor-size-default\">Bases generales del sorteo<\/h1>\t\t\t\t<\/div>\n\t\t\t\t<\/div>\n\t\t\t\t<div class=\"elementor-element elementor-element-38b2ad8 elementor-widget elementor-widget-text-editor\" data-id=\"38b2ad8\" data-element_type=\"widget\" data-e-type=\"widget\" data-widget_type=\"text-editor.default\">\n\t\t\t\t<div class=\"elementor-widget-container\">\n\t\t\t\t\t\t\t\t\t<h4 class=\"p1\"><span class=\"s1\"><b>PRIMERA.- DATOS DEL ORGANIZADOR<\/b><\/span><\/h4><p><span style=\"font-weight: 400;\">La entidad mercantil TRANSGOURMET IBERICA, S.A.U., con C.I.F. n\u00ba A-17371758 y domicilio en el Pol\u00edgono Empord\u00e0 Internacional, C\/ Germans Miquel, s\/n de Vilamalla (17469-Girona), \u201cTRANSGOURMET\u201d, patrocina y organiza el presente sorteo, el cual se realizar\u00e1 en la modalidad de sorteo, para el territorio de Espa\u00f1a, de acuerdo con las condiciones y durante el periodo de tiempo de vigencia establecida en el documento de bases particulares del Sorteo. Los participantes en el Sorteo podr\u00e1n llamar al tel\u00e9fono de informaci\u00f3n de TRANSGOURMET: 900300097<\/span> <span style=\"font-weight: 400;\">o dirigirse al correo sac@transgourmet.es, para aclarar sus dudas referentes al Sorteo. El horario de atenci\u00f3n es de lunes a viernes de 08h a 14h y de 15h a 17h.\u00a0<\/span><\/p><h4 class=\"p1\"><span class=\"s1\"><b>SEGUNDA.- DURACI\u00d3N DEL SORTEO<\/b><\/span><\/h4><p><span style=\"font-weight: 400;\">El per\u00edodo de tiempo de vigencia del presente Sorteo se determinar\u00e1 en las bases particulares del Sorteo.<\/span><\/p><h4 class=\"p1\"><span class=\"s1\"><b>TERCERA. REQUISITOS DE PARTICIPACI\u00d3N Y MEC\u00c1NICA DEL SORTEO<\/b><\/span><\/h4><p><span style=\"font-weight: 400;\">No podr\u00e1n participar en el presente Sorteo los empleados de TRANSGOURMET, los c\u00f3nyuges y familiares directos de \u00e9stos hasta el tercer grado, ni las personas jur\u00eddicas o entes sin personalidad, las personas incapacitadas o los menores de 18 a\u00f1os. Tampoco podr\u00e1n participar en el sorteo ninguno de los\/las trabajadores\/as o familiares de Suma Supermercados.<\/span><\/p><p>\u00a0<\/p><p><span style=\"font-weight: 400;\">Mec\u00e1nica del Sorteo<\/span><span style=\"font-weight: 400;\">:\u00a0<\/span><\/p><p><span style=\"font-weight: 400;\">La mec\u00e1nica del sorteo, el premio y las fechas concretas de realizaci\u00f3n y comunicaci\u00f3n del ganador se indicar\u00e1 en las bases particulares del sorteo. El resultado del sorteo se publicar\u00e1 tras haber finalizado el periodo de participaci\u00f3n, a trav\u00e9s del m\u00e9todo determinado en las bases particulares del Sorteo. <\/span><\/p><h4 class=\"p1\"><span class=\"s1\"><b>CUARTA.- PROTECCI\u00d3N DE DATOS <\/b><\/span><\/h4><p><span style=\"font-weight: 400;\">TRANSGOURMET informa de que sus datos de car\u00e1cter personal ser\u00e1n tratados con la finalidad de permitir el desarrollo, cumplimiento y control del presente Sorteo, siendo la base del tratamiento el cumplimiento del citado Sorteo conserv\u00e1ndose, en su caso, los datos durante todo el tiempo en que \u00e9sta subsista y a\u00fan despu\u00e9s, hasta que prescriban las eventuales responsabilidades derivadas de ella. El cliente podr\u00e1 solicitar el acceso a los datos personales, su rectificaci\u00f3n, su supresi\u00f3n, su portabilidad y la limitaci\u00f3n de su tratamiento, as\u00ed como oponerse al mismo, en el domicilio de TRANSGOURMET que figura en el encabezamiento de este Documento. <\/span><\/p><h4 class=\"p3\"><span class=\"s1\"><b>QUINTA.- GENERALES<\/b><\/span><\/h4><p><span style=\"font-weight: 400;\">En ning\u00fan caso TRANSGOURMET responder\u00e1 de los eventuales da\u00f1os y perjuicios (incluyendo el da\u00f1o emergente y el lucro cesante, pero sin limitarse a ellos) sufridos por cualquiera de los participantes en relaci\u00f3n con dicho Sorteo, a salvo de las irrenunciables por ley.<\/span><\/p><p><span style=\"font-weight: 400;\">TRANSGOURMET se reserva el derecho de retirar, suspender o modificar este Sorteo y modificar el contenido de las presentes bases legales en cualquier momento en el supuesto de que acontezca cualquier circunstancia imprevista que est\u00e9 fuera de su control razonable, ya sea fortuita, de fuerza mayor o por la actividad irregular de los participantes o de un tercero, sin que TRANSGOURMET incurra en responsabilidad alguna frente a los participantes, ganadores o terceras personas.<\/span><\/p><p><span style=\"font-weight: 400;\">En el caso de que TRANSGOURMET o cualquier entidad que est\u00e9 ligada al presente Sorteo detecten cualquier anomal\u00eda o sospechen que un participante est\u00e1 impidiendo el normal desarrollo del Sorteo, alterando ilegalmente su participaci\u00f3n t\u00e9cnica para as\u00ed falsear los resultados, podr\u00e1n de forma unilateral eliminar la inscripci\u00f3n de ese participante. Por tanto, TRANSGOURMET y cualquier entidad que est\u00e9 ligada al presente Sorteo se reservan el derecho de eliminar de la participaci\u00f3n a cualquier participante que evidencie o del que se sospeche una actuaci\u00f3n irregular en el sentido descrito.<\/span><\/p><p><span style=\"font-weight: 400;\">Si cualquier previsi\u00f3n de las presentes bases legales fuese declarada, total o parcialmente, nula o ineficaz, tal nulidad o ineficacia afectar\u00e1 tan s\u00f3lo a dicha disposici\u00f3n o parte de la misma que resulte nula o ineficaz, subsistiendo en todo lo dem\u00e1s el resto de bases y teni\u00e9ndose tal disposici\u00f3n o la parte de la misma que resulte afectada por no puesta, salvo que, por resultar esencial a las presentes bases, hubiese de afectarlas de forma integral.<\/span><\/p><p><span style=\"font-weight: 400;\">TRANSGOURMET quedar\u00e1 exento de toda responsabilidad que pudiera derivarse de los posibles errores existentes en los datos facilitados por los concursantes agraciados, en el caso de que no sea posible su identificaci\u00f3n.<\/span><\/p><p>\u00a0<\/p><p><span style=\"font-weight: 400;\">TRANSGOURMET queda exonerado de toda responsabilidad en caso de mal funcionamiento de las redes de comunicaci\u00f3n electr\u00f3nicas que impidan el normal desarrollo del Sorteo por causas ajenas a ellos, y especialmente por actos externos de mala fe.<\/span><\/p><p><span style=\"font-weight: 400;\">La normativa vigente determinar\u00e1 las leyes que deban regir y la jurisdicci\u00f3n que deba conocer de las relaciones entre TRANSGOURMET y los participantes del Sorteo. Ello no obstante, en aquellos casos en los que dicha normativa vigente prevea la posibilidad para las partes de someterse a un fuero determinado, TRANSGOURMET y los participantes, con renuncia expresa a cualquier otro fuero que pudiera corresponderles, se someten a la legislaci\u00f3n espa\u00f1ola y a los Juzgados y Tribunales de la ciudad del Establecimiento del Titular (Espa\u00f1a).<\/span><\/p><p><b>SEXTA.- UTILIZACI\u00d3N DE NOMBRE E IMAGEN DE LOS GANADORES<\/b><\/p><p><span style=\"font-weight: 400;\">Mediante la aceptaci\u00f3n de las presentes bases, los participantes premiados consienten expresamente que TRANSGOURMET y\/o el Establecimiento adherido donde haya sido premiado por la presente Promoci\u00f3n, puedan proceder a la difusi\u00f3n y explotaci\u00f3n de su nombre e imagen, incluida su voz, en cualquier medio de comunicaci\u00f3n, incluido Internet (Redes sociales, p\u00e1ginas web\u2026), en todo el mundo y sin l\u00edmite de tiempo, de forma que TRANSGOURMET pueda proceder a su m\u00e1s amplia explotaci\u00f3n como material publicitario relacionado con la presente Promoci\u00f3n sin contraprestaci\u00f3n econ\u00f3mica alguna.<\/span><\/p><h4 class=\"p1\"><span class=\"s1\"><b>S\u00c9PTIMA.- FISCALIDAD<\/b><\/span><\/h4><p><span style=\"font-weight: 400;\">En su caso, al premio del presente sorteo le ser\u00e1 de aplicaci\u00f3n la normativa en materia de Impuesto sobre la Renta de las Personas F\u00edsicas, Renta de no residentes y dem\u00e1s textos legales en materia fiscal. El ganador del premio quedar\u00e1 sometido al cumplimiento de todas las obligaciones fiscales establecidas por la legislaci\u00f3n vigente aplicable, en su caso, siendo de su cargo exclusivo el pago de las mismas.<\/span><\/p><p><span class=\"s1\"><b>OCTAVA.- ACEPTACI\u00d3N DE BASES<\/b><\/span><\/p><p><span style=\"font-weight: 400;\">El mero hecho de participar en el sorteo implica que el participante acepta totalmente las condiciones de estas bases legales, generales y particulares.<\/span><\/p><h4 class=\"p1\"><span class=\"s1\"><b>NOVENA.- OTRAS NORMAS DE USO <\/b><\/span><\/h4><p><span style=\"font-weight: 400;\">No se admitir\u00e1n comentarios ofensivos, insultos, amenazas, contenidos degradantes o descalificaciones hacia nuestros productos y servicio, marcas o equipo humano. <\/span><\/p>\t\t\t\t\t\t\t\t<\/div>\n\t\t\t\t<\/div>\n\t\t\t\t\t<\/div>\n\t\t<\/div>\n\t\t\t\t\t<\/div>\n\t\t<\/section>\n\t\t\t\t<\/div>\n\t\t","protected":false},"excerpt":{"rendered":"<p>Bases generales del sorteo PRIMERA.- DATOS DEL ORGANIZADOR La entidad mercantil TRANSGOURMET IBERICA, S.A.U., con C.I.F. n\u00ba A-17371758 y domicilio en el Pol\u00edgono Empord\u00e0 Internacional, C\/ Germans Miquel, s\/n de Vilamalla (17469-Girona), \u201cTRANSGOURMET\u201d, patrocina y organiza el presente sorteo, el cual se realizar\u00e1 en la modalidad de sorteo, para el territorio de Espa\u00f1a, de acuerdo&hellip;&nbsp;<\/p>\n","protected":false},"author":1,"featured_media":0,"parent":0,"menu_order":0,"comment_status":"closed","ping_status":"closed","template":"page-templates\/template-pagebuilder-full-width.php","meta":{"_acf_changed":false,"neve_meta_sidebar":"","neve_meta_container":"","neve_meta_enable_content_width":"off","neve_meta_content_width":100,"neve_meta_title_alignment":"","neve_meta_author_avatar":"","neve_post_elements_order":"","neve_meta_disable_header":"","neve_meta_disable_footer":"","neve_meta_disable_title":"","footnotes":""},"class_list":["post-12610","page","type-page","status-publish","hentry"],"acf":[],"yoast_head":"<!-- This site is optimized with the Yoast SEO plugin v27.4 - https:\/\/yoast.com\/product\/yoast-seo-wordpress\/ -->\n<title>Bases generals del sorteig | Suma<\/title>\n<meta name=\"robots\" content=\"noindex, follow\" \/>\n<meta property=\"og:locale\" content=\"ca_ES\" \/>\n<meta property=\"og:type\" content=\"article\" \/>\n<meta property=\"og:title\" content=\"Bases generals del sorteig | Suma\" \/>\n<meta property=\"og:description\" content=\"Bases generales del sorteo PRIMERA.- DATOS DEL ORGANIZADOR La entidad mercantil TRANSGOURMET IBERICA, S.A.U., con C.I.F. n\u00ba A-17371758 y domicilio en el Pol\u00edgono Empord\u00e0 Internacional, C\/ Germans Miquel, s\/n de Vilamalla (17469-Girona), \u201cTRANSGOURMET\u201d, patrocina y organiza el presente sorteo, el cual se realizar\u00e1 en la modalidad de sorteo, para el territorio de Espa\u00f1a, de acuerdo&hellip;&nbsp;\" \/>\n<meta property=\"og:url\" content=\"https:\/\/www.sumasupermercados.es\/ca\/bases-generales-del-sorteo\/\" \/>\n<meta property=\"og:site_name\" content=\"Suma\" \/>\n<meta property=\"article:publisher\" content=\"https:\/\/www.facebook.com\/sumasupermercadosespana\" \/>\n<meta property=\"article:modified_time\" content=\"2025-04-09T09:22:14+00:00\" \/>\n<meta property=\"og:image\" content=\"https:\/\/www.sumasupermercados.es\/wp-content\/uploads\/2023\/03\/Sin-titulo-1.jpg\" \/>\n\t<meta property=\"og:image:width\" content=\"960\" \/>\n\t<meta property=\"og:image:height\" content=\"667\" \/>\n\t<meta property=\"og:image:type\" content=\"image\/jpeg\" \/>\n<meta name=\"twitter:card\" content=\"summary_large_image\" \/>\n<meta name=\"twitter:site\" content=\"@transgourmet_es\" \/>\n<meta name=\"twitter:label1\" content=\"Temps estimat de lectura\" \/>\n\t<meta name=\"twitter:data1\" content=\"6 minuts\" \/>\n<script type=\"application\/ld+json\" class=\"yoast-schema-graph\">{\"@context\":\"https:\\\/\\\/schema.org\",\"@graph\":[{\"@type\":\"WebPage\",\"@id\":\"https:\\\/\\\/www.sumasupermercados.es\\\/ca\\\/bases-generales-del-sorteo\\\/\",\"url\":\"https:\\\/\\\/www.sumasupermercados.es\\\/ca\\\/bases-generales-del-sorteo\\\/\",\"name\":\"Bases generals del sorteig | Suma\",\"isPartOf\":{\"@id\":\"https:\\\/\\\/www.sumasupermercados.es\\\/ca\\\/#website\"},\"datePublished\":\"2024-04-19T09:15:28+00:00\",\"dateModified\":\"2025-04-09T09:22:14+00:00\",\"breadcrumb\":{\"@id\":\"https:\\\/\\\/www.sumasupermercados.es\\\/ca\\\/bases-generales-del-sorteo\\\/#breadcrumb\"},\"inLanguage\":\"ca\",\"potentialAction\":[{\"@type\":\"ReadAction\",\"target\":[\"https:\\\/\\\/www.sumasupermercados.es\\\/ca\\\/bases-generales-del-sorteo\\\/\"]}]},{\"@type\":\"BreadcrumbList\",\"@id\":\"https:\\\/\\\/www.sumasupermercados.es\\\/ca\\\/bases-generales-del-sorteo\\\/#breadcrumb\",\"itemListElement\":[{\"@type\":\"ListItem\",\"position\":1,\"name\":\"Portada\",\"item\":\"https:\\\/\\\/www.sumasupermercados.es\\\/ca\\\/\"},{\"@type\":\"ListItem\",\"position\":2,\"name\":\"Bases generals del sorteig\"}]},{\"@type\":\"WebSite\",\"@id\":\"https:\\\/\\\/www.sumasupermercados.es\\\/ca\\\/#website\",\"url\":\"https:\\\/\\\/www.sumasupermercados.es\\\/ca\\\/\",\"name\":\"Suma\",\"description\":\"Suma\",\"publisher\":{\"@id\":\"https:\\\/\\\/www.sumasupermercados.es\\\/ca\\\/#organization\"},\"alternateName\":\"Supermercado Suma, tu supermercado de proximidad\",\"potentialAction\":[{\"@type\":\"SearchAction\",\"target\":{\"@type\":\"EntryPoint\",\"urlTemplate\":\"https:\\\/\\\/www.sumasupermercados.es\\\/ca\\\/?s={search_term_string}\"},\"query-input\":{\"@type\":\"PropertyValueSpecification\",\"valueRequired\":true,\"valueName\":\"search_term_string\"}}],\"inLanguage\":\"ca\"},{\"@type\":\"Organization\",\"@id\":\"https:\\\/\\\/www.sumasupermercados.es\\\/ca\\\/#organization\",\"name\":\"Suma\",\"alternateName\":\"Suma Supermercats\",\"url\":\"https:\\\/\\\/www.sumasupermercados.es\\\/ca\\\/\",\"logo\":{\"@type\":\"ImageObject\",\"inLanguage\":\"ca\",\"@id\":\"https:\\\/\\\/www.sumasupermercados.es\\\/ca\\\/#\\\/schema\\\/logo\\\/image\\\/\",\"url\":\"https:\\\/\\\/www.sumasupermercados.es\\\/wp-content\\\/uploads\\\/2023\\\/03\\\/Sin-titulo-1-1.jpg\",\"contentUrl\":\"https:\\\/\\\/www.sumasupermercados.es\\\/wp-content\\\/uploads\\\/2023\\\/03\\\/Sin-titulo-1-1.jpg\",\"width\":691,\"height\":667,\"caption\":\"Suma\"},\"image\":{\"@id\":\"https:\\\/\\\/www.sumasupermercados.es\\\/ca\\\/#\\\/schema\\\/logo\\\/image\\\/\"},\"sameAs\":[\"https:\\\/\\\/www.facebook.com\\\/sumasupermercadosespana\",\"https:\\\/\\\/x.com\\\/transgourmet_es\",\"https:\\\/\\\/www.instagram.com\\\/suma_supermercados_oficial\\\/\",\"https:\\\/\\\/www.linkedin.com\\\/company\\\/suma-supermercados\\\/\",\"https:\\\/\\\/www.youtube.com\\\/c\\\/TransgourmetIberica\"]}]}<\/script>\n<!-- \/ Yoast SEO plugin. -->","yoast_head_json":{"title":"Bases generals del sorteig | Suma","robots":{"index":"noindex","follow":"follow"},"og_locale":"ca_ES","og_type":"article","og_title":"Bases generals del sorteig | Suma","og_description":"Bases generales del sorteo PRIMERA.- DATOS DEL ORGANIZADOR La entidad mercantil TRANSGOURMET IBERICA, S.A.U., con C.I.F. n\u00ba A-17371758 y domicilio en el Pol\u00edgono Empord\u00e0 Internacional, C\/ Germans Miquel, s\/n de Vilamalla (17469-Girona), \u201cTRANSGOURMET\u201d, patrocina y organiza el presente sorteo, el cual se realizar\u00e1 en la modalidad de sorteo, para el territorio de Espa\u00f1a, de acuerdo&hellip;&nbsp;","og_url":"https:\/\/www.sumasupermercados.es\/ca\/bases-generales-del-sorteo\/","og_site_name":"Suma","article_publisher":"https:\/\/www.facebook.com\/sumasupermercadosespana","article_modified_time":"2025-04-09T09:22:14+00:00","og_image":[{"width":960,"height":667,"url":"https:\/\/www.sumasupermercados.es\/wp-content\/uploads\/2023\/03\/Sin-titulo-1.jpg","type":"image\/jpeg"}],"twitter_card":"summary_large_image","twitter_site":"@transgourmet_es","twitter_misc":{"Temps estimat de lectura":"6 minuts"},"schema":{"@context":"https:\/\/schema.org","@graph":[{"@type":"WebPage","@id":"https:\/\/www.sumasupermercados.es\/ca\/bases-generales-del-sorteo\/","url":"https:\/\/www.sumasupermercados.es\/ca\/bases-generales-del-sorteo\/","name":"Bases generals del sorteig | Suma","isPartOf":{"@id":"https:\/\/www.sumasupermercados.es\/ca\/#website"},"datePublished":"2024-04-19T09:15:28+00:00","dateModified":"2025-04-09T09:22:14+00:00","breadcrumb":{"@id":"https:\/\/www.sumasupermercados.es\/ca\/bases-generales-del-sorteo\/#breadcrumb"},"inLanguage":"ca","potentialAction":[{"@type":"ReadAction","target":["https:\/\/www.sumasupermercados.es\/ca\/bases-generales-del-sorteo\/"]}]},{"@type":"BreadcrumbList","@id":"https:\/\/www.sumasupermercados.es\/ca\/bases-generales-del-sorteo\/#breadcrumb","itemListElement":[{"@type":"ListItem","position":1,"name":"Portada","item":"https:\/\/www.sumasupermercados.es\/ca\/"},{"@type":"ListItem","position":2,"name":"Bases generals del sorteig"}]},{"@type":"WebSite","@id":"https:\/\/www.sumasupermercados.es\/ca\/#website","url":"https:\/\/www.sumasupermercados.es\/ca\/","name":"Suma","description":"Suma","publisher":{"@id":"https:\/\/www.sumasupermercados.es\/ca\/#organization"},"alternateName":"Supermercado Suma, tu supermercado de proximidad","potentialAction":[{"@type":"SearchAction","target":{"@type":"EntryPoint","urlTemplate":"https:\/\/www.sumasupermercados.es\/ca\/?s={search_term_string}"},"query-input":{"@type":"PropertyValueSpecification","valueRequired":true,"valueName":"search_term_string"}}],"inLanguage":"ca"},{"@type":"Organization","@id":"https:\/\/www.sumasupermercados.es\/ca\/#organization","name":"Suma","alternateName":"Suma Supermercats","url":"https:\/\/www.sumasupermercados.es\/ca\/","logo":{"@type":"ImageObject","inLanguage":"ca","@id":"https:\/\/www.sumasupermercados.es\/ca\/#\/schema\/logo\/image\/","url":"https:\/\/www.sumasupermercados.es\/wp-content\/uploads\/2023\/03\/Sin-titulo-1-1.jpg","contentUrl":"https:\/\/www.sumasupermercados.es\/wp-content\/uploads\/2023\/03\/Sin-titulo-1-1.jpg","width":691,"height":667,"caption":"Suma"},"image":{"@id":"https:\/\/www.sumasupermercados.es\/ca\/#\/schema\/logo\/image\/"},"sameAs":["https:\/\/www.facebook.com\/sumasupermercadosespana","https:\/\/x.com\/transgourmet_es","https:\/\/www.instagram.com\/suma_supermercados_oficial\/","https:\/\/www.linkedin.com\/company\/suma-supermercados\/","https:\/\/www.youtube.com\/c\/TransgourmetIberica"]}]}},"_links":{"self":[{"href":"https:\/\/www.sumasupermercados.es\/ca\/wp-json\/wp\/v2\/pages\/12610","targetHints":{"allow":["GET"]}}],"collection":[{"href":"https:\/\/www.sumasupermercados.es\/ca\/wp-json\/wp\/v2\/pages"}],"about":[{"href":"https:\/\/www.sumasupermercados.es\/ca\/wp-json\/wp\/v2\/types\/page"}],"author":[{"embeddable":true,"href":"https:\/\/www.sumasupermercados.es\/ca\/wp-json\/wp\/v2\/users\/1"}],"replies":[{"embeddable":true,"href":"https:\/\/www.sumasupermercados.es\/ca\/wp-json\/wp\/v2\/comments?post=12610"}],"version-history":[{"count":25,"href":"https:\/\/www.sumasupermercados.es\/ca\/wp-json\/wp\/v2\/pages\/12610\/revisions"}],"predecessor-version":[{"id":14540,"href":"https:\/\/www.sumasupermercados.es\/ca\/wp-json\/wp\/v2\/pages\/12610\/revisions\/14540"}],"wp:attachment":[{"href":"https:\/\/www.sumasupermercados.es\/ca\/wp-json\/wp\/v2\/media?parent=12610"}],"curies":[{"name":"wp","href":"https:\/\/api.w.org\/{rel}","templated":true}]}}