{"id":9257,"date":"2022-12-15T11:15:42","date_gmt":"2022-12-15T10:15:42","guid":{"rendered":"https:\/\/www.sumasupermercados.es\/avis-legal\/"},"modified":"2023-02-22T12:27:31","modified_gmt":"2023-02-22T11:27:31","slug":"avis-legal","status":"publish","type":"page","link":"https:\/\/www.sumasupermercados.es\/ca\/avis-legal\/","title":{"rendered":"Av\u00eds legal"},"content":{"rendered":"\t\t<div data-elementor-type=\"wp-page\" data-elementor-id=\"9257\" class=\"elementor elementor-9257 elementor-5865\" data-elementor-post-type=\"page\">\n\t\t\t\t\t\t<section data-particle_enable=\"false\" data-particle-mobile-disabled=\"false\" class=\"elementor-section elementor-top-section elementor-element elementor-element-520bbb6 elementor-section-boxed elementor-section-height-default elementor-section-height-default\" data-id=\"520bbb6\" data-element_type=\"section\" data-e-type=\"section\">\n\t\t\t\t\t\t<div class=\"elementor-container elementor-column-gap-default\">\n\t\t\t\t\t<div class=\"elementor-column elementor-col-100 elementor-top-column elementor-element elementor-element-42abec1\" data-id=\"42abec1\" data-element_type=\"column\" data-e-type=\"column\">\n\t\t\t<div class=\"elementor-widget-wrap elementor-element-populated\">\n\t\t\t\t\t\t<div class=\"elementor-element elementor-element-bb1a040 elementor-widget elementor-widget-heading\" data-id=\"bb1a040\" data-element_type=\"widget\" data-e-type=\"widget\" data-widget_type=\"heading.default\">\n\t\t\t\t<div class=\"elementor-widget-container\">\n\t\t\t\t\t<h1 class=\"elementor-heading-title elementor-size-default\">Av\u00eds legal<\/h1>\t\t\t\t<\/div>\n\t\t\t\t<\/div>\n\t\t\t\t<div class=\"elementor-element elementor-element-817aa6c elementor-widget elementor-widget-text-editor\" data-id=\"817aa6c\" data-element_type=\"widget\" data-e-type=\"widget\" data-widget_type=\"text-editor.default\">\n\t\t\t\t<div class=\"elementor-widget-container\">\n\t\t\t\t\t\t\t\t\t<p>Aquesta p\u00e0gina web \u00e9s titularitat de TRANSGOURMET IB\u00c9RICA, S.A.U., les dades d\u2019identificaci\u00f3 de les quals s\u00f3n les seg\u00fcents:<\/p>\n<ul>\n<li>Pol\u00edgon Empord\u00e0 Internacional, c\/ Germans Miquel, s\/n de 17469-Vilamalla (Girona )<\/li>\n<li>Inscrita al Registre Mercantil de Girona, al Tom 1151, Foli 223, Full GI-11489, Inscripci\u00f3 25.<\/li>\n<li>NIF.- A-17371758<\/li>\n<li>Tel\u00e8fon: 972527000<\/li>\n<li>Correu electr\u00f2nic:\u00a0<a href=\"mailto:sac@transgourmet.es\">sac@transgourmet.es<\/a><\/li>\n<li>DPO: Comit\u00e8 RGPD (Reglament General de Protecci\u00f3 de Dades) de Transgourmet, constitu\u00eft amb la finalitat d\u2019exercir les funcions corresponents al DPO (Delegat Protecci\u00f3 de Dades).<\/li>\n<\/ul>\n<p>Malgrat que el titular de la Web sigui TRANSGOURMET IB\u00c9RICA, S.A.U., aquesta fa refer\u00e8ncia als serveis prestats per totes o alguna de les empreses del grup empresarial, segons correspongui. En concret, les seg\u00fcents:<\/p>\n<ul>\n<li>TRANSGOURMET IB\u00c9RICA, S.A.U.- NIF A17371758, Pol\u00edgon Empord\u00e0 Internacional, C\/Germans Miquel, s\/n de 17469-Vilamalla (Girona).<\/li>\n<li>TRANSGOURMET\u00a0CANARIAS, S.L.U.- NIF B76133602, Calle La Caleta, n\u00fam. 2, Poligono Industrial Las Majoreras-Carrizal de 35259-Ingenio (Las Palmas).<\/li>\n<li>TRANSGOURMET ANDORRA, S.L., NIF 707213-T, Avinguda Doctor Mitjavila, n\u00fam. 33, Edifici Les Anelletes, Local 1 de la parr\u00f2quia d\u2019Andorra la Vella.<\/li>\n<\/ul>\n<p>D\u2019ara en endavant, ens referirem conjuntament a les empreses esmentades com a \u201cTransgourmet\u201d.<\/p>\n<p>Excepte en els casos del Canal d\u2019eCommerce, Transgourmet adverteix que tot el contingut d\u2019aquesta p\u00e0gina es facilita a t\u00edtol merament informatiu que pot no ser suficient per a la presa de decisions basades en aquesta. Tot i que Transgourmet s\u2019esfor\u00e7a per mantenir la p\u00e0gina degudament actualitzada i sense errors, no es responsabilitza de les dades o omissions en relaci\u00f3 a qualsevol condici\u00f3 i\/o terme continguts en aquesta p\u00e0gina, sense que per tant puguin ser considerats com a oferta o promeses de venda.<\/p>\n<p>L\u2019acc\u00e9s a aquesta p\u00e0gina t\u00e9 car\u00e0cter gratu\u00eft per als usuaris, i la seva visualitzaci\u00f3 no requereix pr\u00e8via subscripci\u00f3 o registre, excepte per al cas del Canal d\u2019eCommerce, que en aquest cas caldr\u00e0 disposar pr\u00e8viament d\u2019un usuari i una contrasenya, les quals tindran car\u00e0cter personal i intransferible.<\/p>\n<p>En relaci\u00f3 amb el Canal d\u2019eCommerce, Transgourmet informa que les dades que cont\u00e9 s\u00f3n derivades de la relaci\u00f3 comercial entre l\u2019Usuari i GMFOOD, sense perjudici de tots aquells altres continguts que s\u2019inclouen a t\u00edtol informatiu i als quals els s\u00f3n aplicables els par\u00e0grafs anteriors. Aix\u00ed mateix, i per al cas del Canal d\u2019eCommerce, la informaci\u00f3 continguda queda subjecta als termes i condicions que els apliquen per a les comandes online en base a les tarifes vigents en cada moment i a reserva de la disponibilitat del producte en cada moment.<\/p>\n<p>Transgourmet no assumeix cap responsabilitat pels danys i perjudicis relacionats amb l\u2019acc\u00e9s i l\u2019\u00fas d\u2019aquesta informaci\u00f3, ni pels que pogu\u00e9s provocar la utilitzaci\u00f3 d\u2019aquest lloc web a l\u2019usuari oa qualsevol tercer. En aquest sentit, Transgourmet no garanteix l\u2019abs\u00e8ncia de virus o de qualsevol altre element perjudicial que provoquin o poguessin causar menyscabaments i\/o p\u00e8rdues de qualsevol \u00edndole.<\/p>\n<p>En conseq\u00fc\u00e8ncia, l\u2019usuari d\u2019aquesta p\u00e0gina web ho \u00e9s pel seu propi compte i risc, i l\u2019acc\u00e9s a aquesta suposa que l\u2019usuari es compromet a utilitzar-la de manera plenament d\u2019acord amb la normativa vigent a cada moment.<\/p>\n<p>Aquest Av\u00eds Legal ser\u00e0 aplicable a tots els usuaris , ja siguin usuaris registrats o simples navegadors, que accedeixin a la p\u00e0gina web. La mera navegaci\u00f3 per aquesta constituir\u00e0 una acceptaci\u00f3 t\u00e0cita del contingut d\u2019aquest document, l\u2019usuari haur\u00e0 de complir el que es disposa aqu\u00ed.<\/p>\n<p>Transgourmet es reserva el dret a modificar el contingut d\u2019aquest document en qualsevol moment, publicant-ne les seves modificacions de la mateixa manera que es troba disponible aquest Av\u00eds Legal.<\/p>\n<h3><strong>COPYRIGHT<\/strong><\/h3>\n<p>Queden reservats tots els drets sobre el contingut d\u2019aquest lloc web, inclosos , per\u00f2 no nom\u00e9s, els d\u2019explotaci\u00f3.<\/p>\n<p>Aquest lloc web es regeix per les lleis espanyoles i est\u00e0 protegit per la legislaci\u00f3 nacional i internacional sobre propietat intel\u00b7lectual.<\/p>\n<p>Els drets de propietat intel\u00b7lectual sobre tota la informaci\u00f3 continguda en aquest lloc, disseny gr\u00e0fic, dibuixos, logos, imatges, \u00edndexs i codi font en llenguatge HTML o JavaScript s\u00f3n titularitat de Transgourmet o han estat concedits sota llic\u00e8ncia pel seu corresponent propietari, excepte aquells continguts titularitat de tercers als quals l\u2019usuari pot accedir mitjan\u00e7ant enlla\u00e7os hipertextuals o aquells l\u2019exclusi\u00f3 dels quals s\u2019indiqui.<\/p>\n<p>Totes les marques i signes distintius que apareixen al lloc web s\u00f3n propietat de Transgourmet o han estat concedits sota llic\u00e8ncia pel seu corresponent propietari, estant degudament registrats o en proc\u00e9s de registre. Tots els drets de propietat industrial i intel\u00b7lectual sobre aquest lloc web estan legalment reservats i l\u2019acc\u00e9s al mateix o la seva utilitzaci\u00f3 per part dels seus usuaris, no s\u2019ha de considerar, de cap manera, com l\u2019atorgament de cap llic\u00e8ncia d\u2019\u00fas o dret sobre qualsevol actiu la titularitat o propietat dels quals correspongui a TRANSGOURMET o als seus leg\u00edtims autors.<\/p>\n<p>La reproducci\u00f3, c\u00f2pia, distribuci\u00f3, transformaci\u00f3, posada a disposici\u00f3 del p\u00fablic, i qualsevol altra activitat que es pugui realitzar amb la informaci\u00f3 continguda en aquesta p\u00e0gina web, aix\u00ed com el seu disseny, selecci\u00f3 i forma de presentaci\u00f3 dels materials inclosos en la mateixa, qualsevol que fos la seva finalitat i el mitj\u00e0 utilitzat per a aix\u00f2, sense l\u2019autoritzaci\u00f3 expressa de TRANSGOURMET o del seu leg\u00edtim autor, queden expressament prohibits, reservant-se les accions que, en cas d\u2019incompliment per l\u2019usuari, assisteixin a TRANSGOURMET.<\/p>\n<p>L\u2019usuari del lloc web haur\u00e0 d\u2019abstenir-se en tot cas, de suprimir, alterar, eludir o manipular qualsevol dispositiu de protecci\u00f3 o sistema de seguretat que hi estigui o pugui estar-hi instal\u00b7lat.<\/p>\n<p>\u00daltima actualitzaci\u00f3: 05 d\u2019abril de 2022<\/p>\n\t\t\t\t\t\t\t\t<\/div>\n\t\t\t\t<\/div>\n\t\t\t\t\t<\/div>\n\t\t<\/div>\n\t\t\t\t\t<\/div>\n\t\t<\/section>\n\t\t\t\t<\/div>\n\t\t","protected":false},"excerpt":{"rendered":"<p>Av\u00eds legal Aquesta p\u00e0gina web \u00e9s titularitat de TRANSGOURMET IB\u00c9RICA, S.A.U., les dades d\u2019identificaci\u00f3 de les quals s\u00f3n les seg\u00fcents: Pol\u00edgon Empord\u00e0 Internacional, c\/ Germans Miquel, s\/n de 17469-Vilamalla (Girona ) Inscrita al Registre Mercantil de Girona, al Tom 1151, Foli 223, Full GI-11489, Inscripci\u00f3 25. NIF.- A-17371758 Tel\u00e8fon: 972527000 Correu electr\u00f2nic:\u00a0sac@transgourmet.es DPO: Comit\u00e8 RGPD&hellip;&nbsp;<\/p>\n","protected":false},"author":1,"featured_media":0,"parent":0,"menu_order":0,"comment_status":"closed","ping_status":"closed","template":"page-templates\/template-pagebuilder-full-width.php","meta":{"_acf_changed":false,"neve_meta_sidebar":"","neve_meta_container":"","neve_meta_enable_content_width":"","neve_meta_content_width":0,"neve_meta_title_alignment":"","neve_meta_author_avatar":"","neve_post_elements_order":"","neve_meta_disable_header":"","neve_meta_disable_footer":"","neve_meta_disable_title":"","footnotes":""},"class_list":["post-9257","page","type-page","status-publish","hentry"],"acf":[],"yoast_head":"<!-- This site is optimized with the Yoast SEO plugin v27.5 - https:\/\/yoast.com\/product\/yoast-seo-wordpress\/ -->\n<title>Av\u00eds legal | Suma<\/title>\n<meta name=\"robots\" content=\"noindex, follow\" \/>\n<meta property=\"og:locale\" content=\"ca_ES\" \/>\n<meta property=\"og:type\" content=\"article\" \/>\n<meta property=\"og:title\" content=\"Av\u00eds legal | Suma\" \/>\n<meta property=\"og:description\" content=\"Av\u00eds legal Aquesta p\u00e0gina web \u00e9s titularitat de TRANSGOURMET IB\u00c9RICA, S.A.U., les dades d\u2019identificaci\u00f3 de les quals s\u00f3n les seg\u00fcents: Pol\u00edgon Empord\u00e0 Internacional, c\/ Germans Miquel, s\/n de 17469-Vilamalla (Girona ) Inscrita al Registre Mercantil de Girona, al Tom 1151, Foli 223, Full GI-11489, Inscripci\u00f3 25. NIF.- A-17371758 Tel\u00e8fon: 972527000 Correu electr\u00f2nic:\u00a0sac@transgourmet.es DPO: Comit\u00e8 RGPD&hellip;&nbsp;\" \/>\n<meta property=\"og:url\" content=\"https:\/\/www.sumasupermercados.es\/ca\/avis-legal\/\" \/>\n<meta property=\"og:site_name\" content=\"Suma\" \/>\n<meta property=\"article:publisher\" content=\"https:\/\/www.facebook.com\/sumasupermercadosespana\" \/>\n<meta property=\"article:modified_time\" content=\"2023-02-22T11:27:31+00:00\" \/>\n<meta property=\"og:image\" content=\"https:\/\/www.sumasupermercados.es\/wp-content\/uploads\/2023\/03\/Sin-titulo-1.jpg\" \/>\n\t<meta property=\"og:image:width\" content=\"960\" \/>\n\t<meta property=\"og:image:height\" content=\"667\" \/>\n\t<meta property=\"og:image:type\" content=\"image\/jpeg\" \/>\n<meta name=\"twitter:card\" content=\"summary_large_image\" \/>\n<meta name=\"twitter:site\" content=\"@transgourmet_es\" \/>\n<meta name=\"twitter:label1\" content=\"Temps estimat de lectura\" \/>\n\t<meta name=\"twitter:data1\" content=\"5 minuts\" \/>\n<script type=\"application\/ld+json\" class=\"yoast-schema-graph\">{\"@context\":\"https:\\\/\\\/schema.org\",\"@graph\":[{\"@type\":\"WebPage\",\"@id\":\"https:\\\/\\\/www.sumasupermercados.es\\\/ca\\\/avis-legal\\\/\",\"url\":\"https:\\\/\\\/www.sumasupermercados.es\\\/ca\\\/avis-legal\\\/\",\"name\":\"Av\u00eds legal | Suma\",\"isPartOf\":{\"@id\":\"https:\\\/\\\/www.sumasupermercados.es\\\/ca\\\/#website\"},\"datePublished\":\"2022-12-15T10:15:42+00:00\",\"dateModified\":\"2023-02-22T11:27:31+00:00\",\"breadcrumb\":{\"@id\":\"https:\\\/\\\/www.sumasupermercados.es\\\/ca\\\/avis-legal\\\/#breadcrumb\"},\"inLanguage\":\"ca\",\"potentialAction\":[{\"@type\":\"ReadAction\",\"target\":[\"https:\\\/\\\/www.sumasupermercados.es\\\/ca\\\/avis-legal\\\/\"]}]},{\"@type\":\"BreadcrumbList\",\"@id\":\"https:\\\/\\\/www.sumasupermercados.es\\\/ca\\\/avis-legal\\\/#breadcrumb\",\"itemListElement\":[{\"@type\":\"ListItem\",\"position\":1,\"name\":\"Portada\",\"item\":\"https:\\\/\\\/www.sumasupermercados.es\\\/ca\\\/\"},{\"@type\":\"ListItem\",\"position\":2,\"name\":\"Av\u00eds legal\"}]},{\"@type\":\"WebSite\",\"@id\":\"https:\\\/\\\/www.sumasupermercados.es\\\/ca\\\/#website\",\"url\":\"https:\\\/\\\/www.sumasupermercados.es\\\/ca\\\/\",\"name\":\"Suma\",\"description\":\"Suma\",\"publisher\":{\"@id\":\"https:\\\/\\\/www.sumasupermercados.es\\\/ca\\\/#organization\"},\"alternateName\":\"Supermercado Suma, tu supermercado de proximidad\",\"potentialAction\":[{\"@type\":\"SearchAction\",\"target\":{\"@type\":\"EntryPoint\",\"urlTemplate\":\"https:\\\/\\\/www.sumasupermercados.es\\\/ca\\\/?s={search_term_string}\"},\"query-input\":{\"@type\":\"PropertyValueSpecification\",\"valueRequired\":true,\"valueName\":\"search_term_string\"}}],\"inLanguage\":\"ca\"},{\"@type\":\"Organization\",\"@id\":\"https:\\\/\\\/www.sumasupermercados.es\\\/ca\\\/#organization\",\"name\":\"Suma\",\"alternateName\":\"Suma Supermercats\",\"url\":\"https:\\\/\\\/www.sumasupermercados.es\\\/ca\\\/\",\"logo\":{\"@type\":\"ImageObject\",\"inLanguage\":\"ca\",\"@id\":\"https:\\\/\\\/www.sumasupermercados.es\\\/ca\\\/#\\\/schema\\\/logo\\\/image\\\/\",\"url\":\"https:\\\/\\\/www.sumasupermercados.es\\\/wp-content\\\/uploads\\\/2023\\\/03\\\/Sin-titulo-1-1.jpg\",\"contentUrl\":\"https:\\\/\\\/www.sumasupermercados.es\\\/wp-content\\\/uploads\\\/2023\\\/03\\\/Sin-titulo-1-1.jpg\",\"width\":691,\"height\":667,\"caption\":\"Suma\"},\"image\":{\"@id\":\"https:\\\/\\\/www.sumasupermercados.es\\\/ca\\\/#\\\/schema\\\/logo\\\/image\\\/\"},\"sameAs\":[\"https:\\\/\\\/www.facebook.com\\\/sumasupermercadosespana\",\"https:\\\/\\\/x.com\\\/transgourmet_es\",\"https:\\\/\\\/www.instagram.com\\\/suma_supermercados_oficial\\\/\",\"https:\\\/\\\/www.linkedin.com\\\/company\\\/suma-supermercados\\\/\",\"https:\\\/\\\/www.youtube.com\\\/c\\\/TransgourmetIberica\"]}]}<\/script>\n<!-- \/ Yoast SEO plugin. -->","yoast_head_json":{"title":"Av\u00eds legal | Suma","robots":{"index":"noindex","follow":"follow"},"og_locale":"ca_ES","og_type":"article","og_title":"Av\u00eds legal | Suma","og_description":"Av\u00eds legal Aquesta p\u00e0gina web \u00e9s titularitat de TRANSGOURMET IB\u00c9RICA, S.A.U., les dades d\u2019identificaci\u00f3 de les quals s\u00f3n les seg\u00fcents: Pol\u00edgon Empord\u00e0 Internacional, c\/ Germans Miquel, s\/n de 17469-Vilamalla (Girona ) Inscrita al Registre Mercantil de Girona, al Tom 1151, Foli 223, Full GI-11489, Inscripci\u00f3 25. NIF.- A-17371758 Tel\u00e8fon: 972527000 Correu electr\u00f2nic:\u00a0sac@transgourmet.es DPO: Comit\u00e8 RGPD&hellip;&nbsp;","og_url":"https:\/\/www.sumasupermercados.es\/ca\/avis-legal\/","og_site_name":"Suma","article_publisher":"https:\/\/www.facebook.com\/sumasupermercadosespana","article_modified_time":"2023-02-22T11:27:31+00:00","og_image":[{"width":960,"height":667,"url":"https:\/\/www.sumasupermercados.es\/wp-content\/uploads\/2023\/03\/Sin-titulo-1.jpg","type":"image\/jpeg"}],"twitter_card":"summary_large_image","twitter_site":"@transgourmet_es","twitter_misc":{"Temps estimat de lectura":"5 minuts"},"schema":{"@context":"https:\/\/schema.org","@graph":[{"@type":"WebPage","@id":"https:\/\/www.sumasupermercados.es\/ca\/avis-legal\/","url":"https:\/\/www.sumasupermercados.es\/ca\/avis-legal\/","name":"Av\u00eds legal | Suma","isPartOf":{"@id":"https:\/\/www.sumasupermercados.es\/ca\/#website"},"datePublished":"2022-12-15T10:15:42+00:00","dateModified":"2023-02-22T11:27:31+00:00","breadcrumb":{"@id":"https:\/\/www.sumasupermercados.es\/ca\/avis-legal\/#breadcrumb"},"inLanguage":"ca","potentialAction":[{"@type":"ReadAction","target":["https:\/\/www.sumasupermercados.es\/ca\/avis-legal\/"]}]},{"@type":"BreadcrumbList","@id":"https:\/\/www.sumasupermercados.es\/ca\/avis-legal\/#breadcrumb","itemListElement":[{"@type":"ListItem","position":1,"name":"Portada","item":"https:\/\/www.sumasupermercados.es\/ca\/"},{"@type":"ListItem","position":2,"name":"Av\u00eds legal"}]},{"@type":"WebSite","@id":"https:\/\/www.sumasupermercados.es\/ca\/#website","url":"https:\/\/www.sumasupermercados.es\/ca\/","name":"Suma","description":"Suma","publisher":{"@id":"https:\/\/www.sumasupermercados.es\/ca\/#organization"},"alternateName":"Supermercado Suma, tu supermercado de proximidad","potentialAction":[{"@type":"SearchAction","target":{"@type":"EntryPoint","urlTemplate":"https:\/\/www.sumasupermercados.es\/ca\/?s={search_term_string}"},"query-input":{"@type":"PropertyValueSpecification","valueRequired":true,"valueName":"search_term_string"}}],"inLanguage":"ca"},{"@type":"Organization","@id":"https:\/\/www.sumasupermercados.es\/ca\/#organization","name":"Suma","alternateName":"Suma Supermercats","url":"https:\/\/www.sumasupermercados.es\/ca\/","logo":{"@type":"ImageObject","inLanguage":"ca","@id":"https:\/\/www.sumasupermercados.es\/ca\/#\/schema\/logo\/image\/","url":"https:\/\/www.sumasupermercados.es\/wp-content\/uploads\/2023\/03\/Sin-titulo-1-1.jpg","contentUrl":"https:\/\/www.sumasupermercados.es\/wp-content\/uploads\/2023\/03\/Sin-titulo-1-1.jpg","width":691,"height":667,"caption":"Suma"},"image":{"@id":"https:\/\/www.sumasupermercados.es\/ca\/#\/schema\/logo\/image\/"},"sameAs":["https:\/\/www.facebook.com\/sumasupermercadosespana","https:\/\/x.com\/transgourmet_es","https:\/\/www.instagram.com\/suma_supermercados_oficial\/","https:\/\/www.linkedin.com\/company\/suma-supermercados\/","https:\/\/www.youtube.com\/c\/TransgourmetIberica"]}]}},"_links":{"self":[{"href":"https:\/\/www.sumasupermercados.es\/ca\/wp-json\/wp\/v2\/pages\/9257","targetHints":{"allow":["GET"]}}],"collection":[{"href":"https:\/\/www.sumasupermercados.es\/ca\/wp-json\/wp\/v2\/pages"}],"about":[{"href":"https:\/\/www.sumasupermercados.es\/ca\/wp-json\/wp\/v2\/types\/page"}],"author":[{"embeddable":true,"href":"https:\/\/www.sumasupermercados.es\/ca\/wp-json\/wp\/v2\/users\/1"}],"replies":[{"embeddable":true,"href":"https:\/\/www.sumasupermercados.es\/ca\/wp-json\/wp\/v2\/comments?post=9257"}],"version-history":[{"count":3,"href":"https:\/\/www.sumasupermercados.es\/ca\/wp-json\/wp\/v2\/pages\/9257\/revisions"}],"predecessor-version":[{"id":9264,"href":"https:\/\/www.sumasupermercados.es\/ca\/wp-json\/wp\/v2\/pages\/9257\/revisions\/9264"}],"wp:attachment":[{"href":"https:\/\/www.sumasupermercados.es\/ca\/wp-json\/wp\/v2\/media?parent=9257"}],"curies":[{"name":"wp","href":"https:\/\/api.w.org\/{rel}","templated":true}]}}