{"id":9261,"date":"2022-12-15T11:19:15","date_gmt":"2022-12-15T10:19:15","guid":{"rendered":"https:\/\/www.sumasupermercados.es\/politica-de-privacitat\/"},"modified":"2023-02-22T12:26:50","modified_gmt":"2023-02-22T11:26:50","slug":"politica-de-privacitat","status":"publish","type":"page","link":"https:\/\/www.sumasupermercados.es\/ca\/politica-de-privacitat\/","title":{"rendered":"Pol\u00edtica de privacitat"},"content":{"rendered":"\t\t<div data-elementor-type=\"wp-page\" data-elementor-id=\"9261\" class=\"elementor elementor-9261 elementor-5871\" data-elementor-post-type=\"page\">\n\t\t\t\t\t\t<section data-particle_enable=\"false\" data-particle-mobile-disabled=\"false\" class=\"elementor-section elementor-top-section elementor-element elementor-element-520bbb6 elementor-section-boxed elementor-section-height-default elementor-section-height-default\" data-id=\"520bbb6\" data-element_type=\"section\" data-e-type=\"section\">\n\t\t\t\t\t\t<div class=\"elementor-container elementor-column-gap-default\">\n\t\t\t\t\t<div class=\"elementor-column elementor-col-100 elementor-top-column elementor-element elementor-element-42abec1\" data-id=\"42abec1\" data-element_type=\"column\" data-e-type=\"column\">\n\t\t\t<div class=\"elementor-widget-wrap elementor-element-populated\">\n\t\t\t\t\t\t<div class=\"elementor-element elementor-element-bb1a040 elementor-widget elementor-widget-heading\" data-id=\"bb1a040\" data-element_type=\"widget\" data-e-type=\"widget\" data-widget_type=\"heading.default\">\n\t\t\t\t<div class=\"elementor-widget-container\">\n\t\t\t\t\t<h1 class=\"elementor-heading-title elementor-size-default\">Pol\u00edtica de privacitat<\/h1>\t\t\t\t<\/div>\n\t\t\t\t<\/div>\n\t\t\t\t<div class=\"elementor-element elementor-element-817aa6c elementor-widget elementor-widget-text-editor\" data-id=\"817aa6c\" data-element_type=\"widget\" data-e-type=\"widget\" data-widget_type=\"text-editor.default\">\n\t\t\t\t<div class=\"elementor-widget-container\">\n\t\t\t\t\t\t\t\t\t<p><strong>1 INFORMACI\u00d3 I CONSENTIMENT.<\/strong><\/p>\n<p>Mitjan\u00e7ant l\u2019acceptaci\u00f3 de la present Pol\u00edtica de Privacitat, l\u2019Usuari queda informat i presta el seu consentiment lliure, informat, espec\u00edfic i inequ\u00edvoc perqu\u00e8 les dades personals que faciliti a trav\u00e9s de la p\u00e0gina web ubicada a la URL <a href=\"https:\/\/www.sumasupermercados.es\/ca\/\">www.sumasupermercados.es<\/a>\/\u00a0(d\u2019ara en endavant, el \u201cLloc Web\u201d) siguin tractats per TRANSGOURMET IB\u00c9RICA, S.A.U.<\/p>\n<p><strong>2 OBLIGATORIETAT DE FACILITAR LES DADES.<\/strong><\/p>\n<p>Les dades sol\u00b7licitades als formularis de la Web s\u00f3n amb car\u00e0cter general, obligat\u00f2ries (llevat que en el camp requerit s\u2019especifiqui el contrari) per complir amb les finalitats establertes. Per tant, si no es faciliten o no es faciliten correctament no es podran atendre, sense perjudici que podr\u00e0 visualitzar lliurement el contingut del Lloc Web.<\/p>\n<p><strong>3 AMB QUINA FINALITAT TRACTAR\u00c0 TRANSGOURMET IB\u00c8RICA, S.A.U. LES DADES PERSONALS DE L\u2019USUARI I DURANT QUANT DE TEMPS?<\/strong><\/p>\n<p>Les dades personals facilitades a trav\u00e9s del Lloc Web seran tractades per TRANSGOURMET IB\u00c9RICA, S.A.U. d\u2019acord amb les finalitats seg\u00fcents:<\/p>\n<ul>\n<li>Gestionar, tramitar i donar resposta a peticions, sol\u00b7licituds, incid\u00e8ncies o consultes de l\u2019Usuari, quan aquest faciliti les seves dades a trav\u00e9s dels diferents formularis de contacte habilitats a les p\u00e0gines web titularitat de TRANSGOURMET. Les dades de l\u2019Usuari seran conservades amb aquesta finalitat fins que s\u2019oposi o revoqui el seu consentiment.<\/li>\n<li>Avaluar la candidatura en els processos de selecci\u00f3 de personal, quan l\u2019Usuari remeti el Curr\u00edculum V\u00edtae a trav\u00e9s del formulari \u201cOcupaci\u00f3\u201d. Les dades de l\u2019Usuari seran conservades amb aquesta finalitat fins que s\u2019oposi o revoqui el seu consentiment.<\/li>\n<li>Remetre peri\u00f2dicament als Usuaris, fins i tot per mitjans electr\u00f2nics, comunicacions comercials, relacionades amb productes, serveis, promocions, ofertes, esdeveniments o not\u00edcies que puguin resultar del vostre inter\u00e8s, si l\u2019Usuari d\u00f3na el seu consentiment marcant la casella de verificaci\u00f3 corresponent, o si escau, se n\u2019oposi o revoqui el consentiment.<\/li>\n<li>Mantenir informat l\u2019usuari sobre les novetats de TRANSGOURMET IB\u00c9RICA, S.A.U. als seus perfils de les Xarxes Socials, si l\u2019Usuari es fa seguidor de TRANSGOURMET IB\u00c9RICA, S.A.U. als seus perfils. L\u2019Usuari que no vulgui continuar rebent comunicacions comercials sobre TRANSGOURMET IB\u00c9RICA, S.A.U. a les Xarxes Socials ha de deixar de seguir els seus perfils.<\/li>\n<\/ul>\n<p><strong>4 OBLIGATORIETAT DE FACILITAR LES DADES.<\/strong><\/p>\n<p>Les dades sol\u00b7licitades als formularis de la Web s\u00f3n amb car\u00e0cter general, obligat\u00f2ries (llevat que al camp requerit s\u2019especifiqui el contrari) per complir amb les finalitats establertes. Per tant, si no es faciliten o no es faciliten correctament no es podran atendre, sense perjudici que podr\u00e0 visualitzar lliurement el contingut del Lloc Web.<\/p>\n<p><strong>5 QUINES DADES DE L\u2019USUARI TRACTAR\u00c0 TRANSGOURMET IB\u00c9RICA, S.A.U.?<\/strong><\/p>\n<p>TRANSGOURMET IB\u00c9RICA, S.A.U. tractar\u00e0 les seg\u00fcents categories de dades de l\u2019Usuari:<\/p>\n<ul>\n<li>Dades identificatives: nom, cognoms i DNI.<\/li>\n<li>Dades de contacte: adre\u00e7a postal, adre\u00e7a de correu electr\u00f2nic i tel\u00e8fon.&lt; \/li&gt;<\/li>\n<li>Dades de detalls d\u2019ocupaci\u00f3.<\/li>\n<li>Dades acad\u00e8miques i professionals.<\/li>\n<\/ul>\n<p>En cas que l\u2019Usuari faciliti dades de tercers, manifesta comptar amb el consentiment dels mateixos i es compromet a traslladar-los la informaci\u00f3 continguda a la Pol\u00edtica de Privacitat, eximint a TRANSGOURMET IB\u00c9RICA, S.A.U. de qualsevol responsabilitat en aquest sentit. Aix\u00f2 no obstant, TRANSGOURMET IB\u00c8RICA, S.A.U. podr\u00e0 dur a terme les verificacions peri\u00f2diques per constatar aquest fet, adoptant les mesures de dilig\u00e8ncia deguda que corresponguin, conforme a la normativa de protecci\u00f3 de dades.<\/p>\n<p><strong>6 QUINA \u00c9S LA LEGITIMACI\u00d3 DEL TRACTAMENT DELS DADES DE L\u2019USUARI?<\/strong><\/p>\n<p>El tractament de les dades de l\u2019usuari per part de TRANSGOURMET IB\u00c9RICA, S.A.U. est\u00e0 basat en el consentiment que se us demana i que es pot retirar en qualsevol moment. Aix\u00f2 no obstant, en cas de retirar-ne el consentiment, aix\u00f2 no afectar\u00e0 la licitud dels tractaments efectuats amb anterioritat.<\/p>\n<p>Els consentiments obtinguts per a les finalitats esmentades s\u00f3n independents de manera que l\u2019Usuari podr\u00e0 revocar nom\u00e9s un d\u2019ells no afectant els altres.<\/p>\n<p><strong>7 A QUINS DESTINATARIS ES COMUNICARAN LES DADES DE L\u2019USUARI?<\/strong><\/p>\n<p>Les dades de l\u2019Usuari podran ser comunicades a altres empreses participades i de TRANSGOURMET que presten els seus serveis en diferents \u00e0rees de negoci de distribuci\u00f3: Cash&amp;Carry, Supermercats, Franqu\u00edcies, L\u00ednia Majorista, Import\/Export i Food Service (podeu consultar les empreses del Grup i el seu sector d\u2019activitat a la p\u00e0gina web\u00a0<a href=\"https:\/\/www.transgourmet.es\/\">www.transgourmet.es<\/a>) amb la finalitat que siguin tractades per aquestes per remetre\u2019t comunicacions comercials, fins i tot per mitjans electr\u00f2nics, sobre productes i serveis que puguin resultar del teu inter\u00e8s, si ens ho autoritzes marcant la casella habilitada a aquest efecte als formularis de la p\u00e0gina web.<\/p>\n<p>Aix\u00ed mateix, les dades podran ser transferides a TRANSGOURMET HOLDING, AG., entitat situada a Su\u00efssa propiet\u00e0ria de TRANSGOURMET, garantint, en relaci\u00f3 amb les dades de car\u00e0cter personal, un marc de protecci\u00f3 adequat en virtut de la normativa vigent.<\/p>\n<p><strong>8 RESPONSABILITAT DE L\u2019USUARI.<\/strong><\/p>\n<p>L\u2019Usuari:<\/p>\n<ul>\n<li>Garanteix que \u00e9s major de 18 anys i que les dades que facilita a TRANSGOURMET IB\u00c9RICA, S.A.U. s\u00f3n veritables, exactes, completes i actualitzades. A aquests efectes, l\u2019Usuari respon de la veracitat de totes les dades que comuniqui i mantindr\u00e0 convenientment actualitzada la informaci\u00f3 facilitada, de manera que respongui a la seva situaci\u00f3 real.<\/li>\n<li>Garanteix que ha informat els tercers dels qui faciliti les seves dades, en cas de fer-ho, dels aspectes continguts en aquest document. Aix\u00ed mateix, garanteix que ha obtingut la seva autoritzaci\u00f3 per facilitar les dades a TRANSGOURMET IB\u00c9RICA, S.A.U. per a les finalitats indicades.<\/li>\n<li>Ser\u00e0 responsable de les informacions falses o inexactes que proporcioni a trav\u00e9s del Lloc Web i dels danys i perjudicis, directes o indirectes, que aix\u00f2 causi a TRANSGOURMET IB\u00c9RICA, S.A.U. o a tercers.<\/li>\n<\/ul>\n<p><strong>9 COMUNICACIONS COMERCIALS I PROMOCIONALS.<\/strong><\/p>\n<p>Una de les finalitats per a les quals TRANSGOURMET IB\u00c8RICA, S.A.U. tracta les dades personals proporcionades per part dels Usuaris \u00e9s per remetre comunicacions electr\u00f2niques amb informaci\u00f3 relativa a productes, serveis, promocions, ofertes, esdeveniments o not\u00edcies rellevants per als Usuaris. Sempre que es faci alguna comunicaci\u00f3 d\u2019aquest tipus, aquesta ser\u00e0 dirigida \u00fanica i exclusivament a aquells Usuaris que hagin donat pr\u00e8viament el seu consentiment per a la recepci\u00f3 de les mateixes.<\/p>\n<p>En cas que l\u2019Usuari vulgui deixar de rebre comunicacions comercials o promocionals per part de TRANSGOURMET IB\u00c8RICA, S.A.U. pot sol\u00b7licitar la baixa del servei enviant un correu electr\u00f2nic a la seg\u00fcent adre\u00e7a de correu electr\u00f2nic:\u00a0<a href=\"mailto:sac@transgourmet.es\">sac@transgourmet.es<\/a><\/p>\n<p>&nbsp;<\/p>\n<p><strong>10 EXERCICI DE DRETS.<\/strong><\/p>\n<p>L\u2019Usuari pot enviar un escrit a TRANSGOURMET a l\u2019atenci\u00f3 del Departament Jur\u00eddic, Pol\u00edgon Empord\u00e0 Internacional, c\/ Germans Miquel s\/n, de 17469-Vilamalla (Girona) amb la Refer\u00e8ncia \u201cProtecci\u00f3 de Dades\u201d, adjuntant fotoc\u00f2pia del vostre document d\u2019identitat, en qualsevol moment i de manera gratu\u00efta, per a:<\/p>\n<ul>\n<li>Revocar els consentiments atorgats.<\/li>\n<li>Obtenir confirmaci\u00f3 sobre si a TRANSGOURMET IB\u00c8RICA, S.A.U. s\u2019estan tractant dades personals que concerneixen l\u2019usuari o no.<\/li>\n<li>Accedir a les vostres dades personals.<\/li>\n<li>Rectificar les dades inexactes o incompletes.<\/li>\n<li>Sol\u00b7licitar la supressi\u00f3 les vostres dades quan, entre altres motius, les dades ja no siguin necess\u00e0ries per a les finalitats recollides.<\/li>\n<li>Obtenir de TRANSGOURMET IB\u00c8RICA, S.A.U. la limitaci\u00f3 del tractament de les dades quan es compleixi alguna de les condicions previstes a la normativa de protecci\u00f3 de dades.<\/li>\n<li>Sol\u00b7licitar la portabilitat de les vostres dades.<\/li>\n<li>Reclamar davant l\u2019Ag\u00e8ncia Espanyola de Protecci\u00f3 de Dades, a trav\u00e9s de la seg\u00fcent adre\u00e7a: Agencia Espa\u00f1ola de Protecci\u00f3n de Datos, C\/ Jorge Juan, 6, 28001-Madrid, quan l\u2019interessat consideri que TRANSGOURMET IB\u00c8RICA, S.A.U. ha vulnerat els drets que li s\u00f3n reconeguts per la normativa aplicable en protecci\u00f3 de dades.<\/li>\n<\/ul>\n<p>Sense perjudici de l\u2019anterior, l\u2019interessat es podr\u00e0 posar en contacte amb el delegat de protecci\u00f3 de dades de TRANSGOURMET IB\u00c9RICA, S.A.U. a trav\u00e9s del correu electr\u00f2nic:\u00a0<a href=\"mailto:rgpd@transgourmet.es\">rgpd@transgourmet.es<\/a>.<\/p>\n<p><strong>11 MESURES DE SEGURETAT.<\/strong><\/p>\n<p>TRANSGOURMET IB\u00c8RICA, S.A.U. tractar\u00e0 les dades de l\u2019Usuari en tot moment de forma absolutament confidencial i guardant el preceptiu deure de secret respecte d\u2019aquests, de conformitat amb el que preveu la normativa d\u2019aplicaci\u00f3, adoptant a aquest efecte les mesures d\u2019\u00edndole t\u00e8cnica i organitzatives necess\u00e0ries que garanteixin la seguretat de les seves dades i n\u2019evitin la seva alteraci\u00f3, p\u00e8rdua, tractament o acc\u00e9s no autoritzat, tenint en compte l\u2019estat de la tecnologia, la naturalesa de les dades emmagatzemades i els riscos a qu\u00e8 estan exposades.<\/p>\n<p>\u00daltima actualitzaci\u00f3: 16\/ 02\/2022<\/p>\n<p>Copyright \u00a9 TRANSGOURMET IB\u00c9RICA, S.A.U. Tots els drets reservats.<\/p>\n\t\t\t\t\t\t\t\t<\/div>\n\t\t\t\t<\/div>\n\t\t\t\t\t<\/div>\n\t\t<\/div>\n\t\t\t\t\t<\/div>\n\t\t<\/section>\n\t\t\t\t<\/div>\n\t\t","protected":false},"excerpt":{"rendered":"<p>Pol\u00edtica de privacitat 1 INFORMACI\u00d3 I CONSENTIMENT. Mitjan\u00e7ant l\u2019acceptaci\u00f3 de la present Pol\u00edtica de Privacitat, l\u2019Usuari queda informat i presta el seu consentiment lliure, informat, espec\u00edfic i inequ\u00edvoc perqu\u00e8 les dades personals que faciliti a trav\u00e9s de la p\u00e0gina web ubicada a la URL www.sumasupermercados.es\/\u00a0(d\u2019ara en endavant, el \u201cLloc Web\u201d) siguin tractats per TRANSGOURMET IB\u00c9RICA,&hellip;&nbsp;<\/p>\n","protected":false},"author":1,"featured_media":0,"parent":0,"menu_order":0,"comment_status":"closed","ping_status":"closed","template":"page-templates\/template-pagebuilder-full-width.php","meta":{"_acf_changed":false,"neve_meta_sidebar":"","neve_meta_container":"","neve_meta_enable_content_width":"","neve_meta_content_width":0,"neve_meta_title_alignment":"","neve_meta_author_avatar":"","neve_post_elements_order":"","neve_meta_disable_header":"","neve_meta_disable_footer":"","neve_meta_disable_title":"","footnotes":""},"class_list":["post-9261","page","type-page","status-publish","hentry"],"acf":[],"yoast_head":"<!-- This site is optimized with the Yoast SEO plugin v27.3 - https:\/\/yoast.com\/product\/yoast-seo-wordpress\/ -->\n<title>Pol\u00edtica de privacitat | Suma<\/title>\n<meta name=\"robots\" content=\"noindex, follow\" \/>\n<meta property=\"og:locale\" content=\"ca_ES\" \/>\n<meta property=\"og:type\" content=\"article\" \/>\n<meta property=\"og:title\" content=\"Pol\u00edtica de privacitat | Suma\" \/>\n<meta property=\"og:description\" content=\"Pol\u00edtica de privacitat 1 INFORMACI\u00d3 I CONSENTIMENT. Mitjan\u00e7ant l\u2019acceptaci\u00f3 de la present Pol\u00edtica de Privacitat, l\u2019Usuari queda informat i presta el seu consentiment lliure, informat, espec\u00edfic i inequ\u00edvoc perqu\u00e8 les dades personals que faciliti a trav\u00e9s de la p\u00e0gina web ubicada a la URL www.sumasupermercados.es\/\u00a0(d\u2019ara en endavant, el \u201cLloc Web\u201d) siguin tractats per TRANSGOURMET IB\u00c9RICA,&hellip;&nbsp;\" \/>\n<meta property=\"og:url\" content=\"https:\/\/www.sumasupermercados.es\/ca\/politica-de-privacitat\/\" \/>\n<meta property=\"og:site_name\" content=\"Suma\" \/>\n<meta property=\"article:publisher\" content=\"https:\/\/www.facebook.com\/sumasupermercadosespana\" \/>\n<meta property=\"article:modified_time\" content=\"2023-02-22T11:26:50+00:00\" \/>\n<meta property=\"og:image\" content=\"https:\/\/www.sumasupermercados.es\/wp-content\/uploads\/2023\/03\/Sin-titulo-1.jpg\" \/>\n\t<meta property=\"og:image:width\" content=\"960\" \/>\n\t<meta property=\"og:image:height\" content=\"667\" \/>\n\t<meta property=\"og:image:type\" content=\"image\/jpeg\" \/>\n<meta name=\"twitter:card\" content=\"summary_large_image\" \/>\n<meta name=\"twitter:site\" content=\"@transgourmet_es\" \/>\n<meta name=\"twitter:label1\" content=\"Temps estimat de lectura\" \/>\n\t<meta name=\"twitter:data1\" content=\"8 minuts\" \/>\n<script type=\"application\/ld+json\" class=\"yoast-schema-graph\">{\"@context\":\"https:\\\/\\\/schema.org\",\"@graph\":[{\"@type\":\"WebPage\",\"@id\":\"https:\\\/\\\/www.sumasupermercados.es\\\/ca\\\/politica-de-privacitat\\\/\",\"url\":\"https:\\\/\\\/www.sumasupermercados.es\\\/ca\\\/politica-de-privacitat\\\/\",\"name\":\"Pol\u00edtica de privacitat | Suma\",\"isPartOf\":{\"@id\":\"https:\\\/\\\/www.sumasupermercados.es\\\/ca\\\/#website\"},\"datePublished\":\"2022-12-15T10:19:15+00:00\",\"dateModified\":\"2023-02-22T11:26:50+00:00\",\"breadcrumb\":{\"@id\":\"https:\\\/\\\/www.sumasupermercados.es\\\/ca\\\/politica-de-privacitat\\\/#breadcrumb\"},\"inLanguage\":\"ca\",\"potentialAction\":[{\"@type\":\"ReadAction\",\"target\":[\"https:\\\/\\\/www.sumasupermercados.es\\\/ca\\\/politica-de-privacitat\\\/\"]}]},{\"@type\":\"BreadcrumbList\",\"@id\":\"https:\\\/\\\/www.sumasupermercados.es\\\/ca\\\/politica-de-privacitat\\\/#breadcrumb\",\"itemListElement\":[{\"@type\":\"ListItem\",\"position\":1,\"name\":\"Portada\",\"item\":\"https:\\\/\\\/www.sumasupermercados.es\\\/ca\\\/\"},{\"@type\":\"ListItem\",\"position\":2,\"name\":\"Pol\u00edtica de privacitat\"}]},{\"@type\":\"WebSite\",\"@id\":\"https:\\\/\\\/www.sumasupermercados.es\\\/ca\\\/#website\",\"url\":\"https:\\\/\\\/www.sumasupermercados.es\\\/ca\\\/\",\"name\":\"Suma\",\"description\":\"Suma\",\"publisher\":{\"@id\":\"https:\\\/\\\/www.sumasupermercados.es\\\/ca\\\/#organization\"},\"alternateName\":\"Supermercado Suma, tu supermercado de proximidad\",\"potentialAction\":[{\"@type\":\"SearchAction\",\"target\":{\"@type\":\"EntryPoint\",\"urlTemplate\":\"https:\\\/\\\/www.sumasupermercados.es\\\/ca\\\/?s={search_term_string}\"},\"query-input\":{\"@type\":\"PropertyValueSpecification\",\"valueRequired\":true,\"valueName\":\"search_term_string\"}}],\"inLanguage\":\"ca\"},{\"@type\":\"Organization\",\"@id\":\"https:\\\/\\\/www.sumasupermercados.es\\\/ca\\\/#organization\",\"name\":\"Suma\",\"alternateName\":\"Suma Supermercats\",\"url\":\"https:\\\/\\\/www.sumasupermercados.es\\\/ca\\\/\",\"logo\":{\"@type\":\"ImageObject\",\"inLanguage\":\"ca\",\"@id\":\"https:\\\/\\\/www.sumasupermercados.es\\\/ca\\\/#\\\/schema\\\/logo\\\/image\\\/\",\"url\":\"https:\\\/\\\/www.sumasupermercados.es\\\/wp-content\\\/uploads\\\/2023\\\/03\\\/Sin-titulo-1-1.jpg\",\"contentUrl\":\"https:\\\/\\\/www.sumasupermercados.es\\\/wp-content\\\/uploads\\\/2023\\\/03\\\/Sin-titulo-1-1.jpg\",\"width\":691,\"height\":667,\"caption\":\"Suma\"},\"image\":{\"@id\":\"https:\\\/\\\/www.sumasupermercados.es\\\/ca\\\/#\\\/schema\\\/logo\\\/image\\\/\"},\"sameAs\":[\"https:\\\/\\\/www.facebook.com\\\/sumasupermercadosespana\",\"https:\\\/\\\/x.com\\\/transgourmet_es\",\"https:\\\/\\\/www.instagram.com\\\/suma_supermercados_oficial\\\/\",\"https:\\\/\\\/www.linkedin.com\\\/company\\\/suma-supermercados\\\/\",\"https:\\\/\\\/www.youtube.com\\\/c\\\/TransgourmetIberica\"]}]}<\/script>\n<!-- \/ Yoast SEO plugin. -->","yoast_head_json":{"title":"Pol\u00edtica de privacitat | Suma","robots":{"index":"noindex","follow":"follow"},"og_locale":"ca_ES","og_type":"article","og_title":"Pol\u00edtica de privacitat | Suma","og_description":"Pol\u00edtica de privacitat 1 INFORMACI\u00d3 I CONSENTIMENT. Mitjan\u00e7ant l\u2019acceptaci\u00f3 de la present Pol\u00edtica de Privacitat, l\u2019Usuari queda informat i presta el seu consentiment lliure, informat, espec\u00edfic i inequ\u00edvoc perqu\u00e8 les dades personals que faciliti a trav\u00e9s de la p\u00e0gina web ubicada a la URL www.sumasupermercados.es\/\u00a0(d\u2019ara en endavant, el \u201cLloc Web\u201d) siguin tractats per TRANSGOURMET IB\u00c9RICA,&hellip;&nbsp;","og_url":"https:\/\/www.sumasupermercados.es\/ca\/politica-de-privacitat\/","og_site_name":"Suma","article_publisher":"https:\/\/www.facebook.com\/sumasupermercadosespana","article_modified_time":"2023-02-22T11:26:50+00:00","og_image":[{"width":960,"height":667,"url":"https:\/\/www.sumasupermercados.es\/wp-content\/uploads\/2023\/03\/Sin-titulo-1.jpg","type":"image\/jpeg"}],"twitter_card":"summary_large_image","twitter_site":"@transgourmet_es","twitter_misc":{"Temps estimat de lectura":"8 minuts"},"schema":{"@context":"https:\/\/schema.org","@graph":[{"@type":"WebPage","@id":"https:\/\/www.sumasupermercados.es\/ca\/politica-de-privacitat\/","url":"https:\/\/www.sumasupermercados.es\/ca\/politica-de-privacitat\/","name":"Pol\u00edtica de privacitat | Suma","isPartOf":{"@id":"https:\/\/www.sumasupermercados.es\/ca\/#website"},"datePublished":"2022-12-15T10:19:15+00:00","dateModified":"2023-02-22T11:26:50+00:00","breadcrumb":{"@id":"https:\/\/www.sumasupermercados.es\/ca\/politica-de-privacitat\/#breadcrumb"},"inLanguage":"ca","potentialAction":[{"@type":"ReadAction","target":["https:\/\/www.sumasupermercados.es\/ca\/politica-de-privacitat\/"]}]},{"@type":"BreadcrumbList","@id":"https:\/\/www.sumasupermercados.es\/ca\/politica-de-privacitat\/#breadcrumb","itemListElement":[{"@type":"ListItem","position":1,"name":"Portada","item":"https:\/\/www.sumasupermercados.es\/ca\/"},{"@type":"ListItem","position":2,"name":"Pol\u00edtica de privacitat"}]},{"@type":"WebSite","@id":"https:\/\/www.sumasupermercados.es\/ca\/#website","url":"https:\/\/www.sumasupermercados.es\/ca\/","name":"Suma","description":"Suma","publisher":{"@id":"https:\/\/www.sumasupermercados.es\/ca\/#organization"},"alternateName":"Supermercado Suma, tu supermercado de proximidad","potentialAction":[{"@type":"SearchAction","target":{"@type":"EntryPoint","urlTemplate":"https:\/\/www.sumasupermercados.es\/ca\/?s={search_term_string}"},"query-input":{"@type":"PropertyValueSpecification","valueRequired":true,"valueName":"search_term_string"}}],"inLanguage":"ca"},{"@type":"Organization","@id":"https:\/\/www.sumasupermercados.es\/ca\/#organization","name":"Suma","alternateName":"Suma Supermercats","url":"https:\/\/www.sumasupermercados.es\/ca\/","logo":{"@type":"ImageObject","inLanguage":"ca","@id":"https:\/\/www.sumasupermercados.es\/ca\/#\/schema\/logo\/image\/","url":"https:\/\/www.sumasupermercados.es\/wp-content\/uploads\/2023\/03\/Sin-titulo-1-1.jpg","contentUrl":"https:\/\/www.sumasupermercados.es\/wp-content\/uploads\/2023\/03\/Sin-titulo-1-1.jpg","width":691,"height":667,"caption":"Suma"},"image":{"@id":"https:\/\/www.sumasupermercados.es\/ca\/#\/schema\/logo\/image\/"},"sameAs":["https:\/\/www.facebook.com\/sumasupermercadosespana","https:\/\/x.com\/transgourmet_es","https:\/\/www.instagram.com\/suma_supermercados_oficial\/","https:\/\/www.linkedin.com\/company\/suma-supermercados\/","https:\/\/www.youtube.com\/c\/TransgourmetIberica"]}]}},"_links":{"self":[{"href":"https:\/\/www.sumasupermercados.es\/ca\/wp-json\/wp\/v2\/pages\/9261","targetHints":{"allow":["GET"]}}],"collection":[{"href":"https:\/\/www.sumasupermercados.es\/ca\/wp-json\/wp\/v2\/pages"}],"about":[{"href":"https:\/\/www.sumasupermercados.es\/ca\/wp-json\/wp\/v2\/types\/page"}],"author":[{"embeddable":true,"href":"https:\/\/www.sumasupermercados.es\/ca\/wp-json\/wp\/v2\/users\/1"}],"replies":[{"embeddable":true,"href":"https:\/\/www.sumasupermercados.es\/ca\/wp-json\/wp\/v2\/comments?post=9261"}],"version-history":[{"count":1,"href":"https:\/\/www.sumasupermercados.es\/ca\/wp-json\/wp\/v2\/pages\/9261\/revisions"}],"predecessor-version":[{"id":9262,"href":"https:\/\/www.sumasupermercados.es\/ca\/wp-json\/wp\/v2\/pages\/9261\/revisions\/9262"}],"wp:attachment":[{"href":"https:\/\/www.sumasupermercados.es\/ca\/wp-json\/wp\/v2\/media?parent=9261"}],"curies":[{"name":"wp","href":"https:\/\/api.w.org\/{rel}","templated":true}]}}